{"id":87,"date":"2024-05-31T16:04:14","date_gmt":"2024-05-31T14:04:14","guid":{"rendered":"http:\/\/faciprin.cluster014.ovh.net\/?page_id=87"},"modified":"2025-02-24T16:40:56","modified_gmt":"2025-02-24T15:40:56","slug":"imprimantes-couleur","status":"publish","type":"page","link":"https:\/\/faciprint.fr\/index.php\/imprimantes-couleur\/","title":{"rendered":"Imprimantes Couleur"},"content":{"rendered":"\t\t<div data-elementor-type=\"wp-page\" data-elementor-id=\"87\" class=\"elementor elementor-87\" data-elementor-post-type=\"page\">\n\t\t\t\t<div class=\"elementor-element elementor-element-3053fca e-grid e-con-boxed e-con e-parent\" data-id=\"3053fca\" data-element_type=\"container\" data-settings=\"{&quot;background_background&quot;:&quot;classic&quot;}\">\n\t\t\t\t\t<div class=\"e-con-inner\">\n\t\t\t\t<div class=\"elementor-element elementor-element-1cebe12 elementor-widget elementor-widget-text-editor\" data-id=\"1cebe12\" data-element_type=\"widget\" data-widget_type=\"text-editor.default\">\n\t\t\t\t<div class=\"elementor-widget-container\">\n\t\t\t\t\t\t\t\t\t<p>IMPRIMANTES COULEUR<\/p>\t\t\t\t\t\t\t\t<\/div>\n\t\t\t\t<\/div>\n\t\t\t\t\t<\/div>\n\t\t\t\t<\/div>\n\t\t<div class=\"elementor-element elementor-element-324ec47 e-flex e-con-boxed e-con e-parent\" data-id=\"324ec47\" data-element_type=\"container\">\n\t\t\t\t\t<div class=\"e-con-inner\">\n\t\t\t\t<div class=\"elementor-element elementor-element-0043b04 elementor-widget elementor-widget-text-editor\" data-id=\"0043b04\" data-element_type=\"widget\" data-widget_type=\"text-editor.default\">\n\t\t\t\t<div class=\"elementor-widget-container\">\n\t\t\t\t\t\t\t\t\t<p>Les imprimantes couleur multifonctions Lexmark offrent impression, num\u00e9risation et copie dans un seul appareil efficace. Parfaites pour les environnements de travail exigeants, elles assurent une qualit\u00e9 remarquable et une gestion optimale des t\u00e2ches, am\u00e9liorant ainsi productivit\u00e9 et co\u00fbts.<\/p>\t\t\t\t\t\t\t\t<\/div>\n\t\t\t\t<\/div>\n\t\t\t\t\t<\/div>\n\t\t\t\t<\/div>\n\t\t\t\t<section class=\"elementor-section elementor-top-section elementor-element elementor-element-7fb3fdf elementor-section-boxed elementor-section-height-default elementor-section-height-default\" data-id=\"7fb3fdf\" data-element_type=\"section\">\n\t\t\t\t\t\t<div class=\"elementor-container elementor-column-gap-default\">\n\t\t\t\t\t<div class=\"elementor-column elementor-col-100 elementor-top-column elementor-element elementor-element-6d6e7fe\" data-id=\"6d6e7fe\" data-element_type=\"column\">\n\t\t\t<div class=\"elementor-widget-wrap elementor-element-populated\">\n\t\t\t\t\t\t<section class=\"elementor-section elementor-inner-section elementor-element elementor-element-93010d0 elementor-section-boxed elementor-section-height-default elementor-section-height-default\" data-id=\"93010d0\" data-element_type=\"section\">\n\t\t\t\t\t\t<div class=\"elementor-container elementor-column-gap-no\">\n\t\t\t\t\t<div class=\"elementor-column elementor-col-50 elementor-inner-column elementor-element elementor-element-8c1724e\" data-id=\"8c1724e\" data-element_type=\"column\">\n\t\t\t<div class=\"elementor-widget-wrap elementor-element-populated\">\n\t\t\t\t\t\t<div class=\"elementor-element elementor-element-25efbe7 elementor-widget elementor-widget-elementskit-pricing\" data-id=\"25efbe7\" data-element_type=\"widget\" data-widget_type=\"elementskit-pricing.default\">\n\t\t\t\t<div class=\"elementor-widget-container\">\n\t\t\t\t\t<div class=\"ekit-wid-con\" >\n\n        <div class=\"elementskit-single-pricing \" >\n            <div class=\"elementskit-pricing-header \">\n\t\t\t\t                    <figure class=\"elementor-pricing-img\"><img decoding=\"async\" src=\"https:\/\/faciprint.fr\/wp-content\/uploads\/2024\/05\/C2326.png\" title=\"C2326.png\" alt=\"C2326.png\" loading=\"lazy\" \/><\/figure>                \t\t\t\t\n\t\t\t\t                \t<h1\t\t\t\t\tclass=\" elementskit-pricing-title\">C2326\t\t\t\t\t<\/h1>\n\t\t\t\t\t\t\t\t                \t<p class=\" elementskit-pricing-subtitle\">Lexmark<\/p>\n\t\t\t\t            <\/div>\n\t\t\t            <div class=\"elementskit-pricing-content \">\n\n                                                    <ul class=\"elementskit-pricing-lists\">\n                        \t\t\t\t\t\t\t<li class=\"elementor-repeater-item-5ff7dc3\">\n\t\t\t\t\t\t\t\t<i aria-hidden=\"true\" class=\"icon icon-printer1\"><\/i>\t\t\t\t\t\t\t\t\n\t\t\t\t\t\t\t\tJusqu&#039;\u00e0 24 pages\/minute\t\t\t\t\t\t\t\t\n\t\t\t\t\t\t\t\t\t\t\t\t\t\t\t<\/li>\n                        \t\t\t\t\t\t\t<li class=\"elementor-repeater-item-89ac804\">\n\t\t\t\t\t\t\t\t<i aria-hidden=\"true\" class=\"hm hm-finger-hover-touch\"><\/i>\t\t\t\t\t\t\t\t\n\t\t\t\t\t\t\t\t\u00c9cran tactile 7,2 cm\t\t\t\t\t\t\t\t\n\t\t\t\t\t\t\t\t\t\t\t\t\t\t\t<\/li>\n                                            <\/ul>\n                            <\/div>\n            <div class=\"elementskit-pricing-btn-wraper \">\n\t\t\t\t<a href=\"http:\/\/faciprint.fr\/wp-content\/uploads\/2023\/11\/C2326-Brochure_FR.Zeendoc.pdf\" target=\"_blank\" class=\"elementskit-pricing-btn  ekit-pricing-btn-icon-pos-right\" >\n\t\t\t\t\tVoir plus\t\t\t\t<\/a>\n            <\/div>\n        <\/div>\n\n    <\/div>\t\t\t\t<\/div>\n\t\t\t\t<\/div>\n\t\t\t\t\t<\/div>\n\t\t<\/div>\n\t\t\t\t<div class=\"elementor-column elementor-col-50 elementor-inner-column elementor-element elementor-element-6ac1118\" data-id=\"6ac1118\" data-element_type=\"column\">\n\t\t\t<div class=\"elementor-widget-wrap elementor-element-populated\">\n\t\t\t\t\t\t<div class=\"elementor-element elementor-element-4a8d320 elementor-widget elementor-widget-elementskit-pricing\" data-id=\"4a8d320\" data-element_type=\"widget\" data-widget_type=\"elementskit-pricing.default\">\n\t\t\t\t<div class=\"elementor-widget-container\">\n\t\t\t\t\t<div class=\"ekit-wid-con\" >\n\n        <div class=\"elementskit-single-pricing \" >\n            <div class=\"elementskit-pricing-header \">\n\t\t\t\t                    <figure class=\"elementor-pricing-img\"><img decoding=\"async\" src=\"https:\/\/faciprint.fr\/wp-content\/uploads\/2024\/05\/C2335.png\" title=\"C2335.png\" alt=\"C2335.png\" loading=\"lazy\" \/><\/figure>                \t\t\t\t\n\t\t\t\t                \t<h1\t\t\t\t\tclass=\" elementskit-pricing-title\">C2335\t\t\t\t\t<\/h1>\n\t\t\t\t\t\t\t\t                \t<p class=\" elementskit-pricing-subtitle\">Lexmark<\/p>\n\t\t\t\t            <\/div>\n\t\t\t            <div class=\"elementskit-pricing-content \">\n\n                                                    <ul class=\"elementskit-pricing-lists\">\n                        \t\t\t\t\t\t\t<li class=\"elementor-repeater-item-5ff7dc3\">\n\t\t\t\t\t\t\t\t<i aria-hidden=\"true\" class=\"icon icon-printer1\"><\/i>\t\t\t\t\t\t\t\t\n\t\t\t\t\t\t\t\tJusqu&#039;\u00e0 33 pages\/minute\t\t\t\t\t\t\t\t\n\t\t\t\t\t\t\t\t\t\t\t\t\t\t\t<\/li>\n                        \t\t\t\t\t\t\t<li class=\"elementor-repeater-item-89ac804\">\n\t\t\t\t\t\t\t\t<i aria-hidden=\"true\" class=\"hm hm-finger-hover-touch\"><\/i>\t\t\t\t\t\t\t\t\n\t\t\t\t\t\t\t\t\u00c9cran tactile de 7,2 cm\t\t\t\t\t\t\t\t\n\t\t\t\t\t\t\t\t\t\t\t\t\t\t\t<\/li>\n                                            <\/ul>\n                            <\/div>\n            <div class=\"elementskit-pricing-btn-wraper \">\n\t\t\t\t<a href=\"http:\/\/faciprint.fr\/wp-content\/uploads\/2023\/11\/C2335-Brochure.Zeendoc.pdf\" target=\"_blank\" class=\"elementskit-pricing-btn  ekit-pricing-btn-icon-pos-right\" >\n\t\t\t\t\tVoir plus\t\t\t\t<\/a>\n            <\/div>\n        <\/div>\n\n    <\/div>\t\t\t\t<\/div>\n\t\t\t\t<\/div>\n\t\t\t\t\t<\/div>\n\t\t<\/div>\n\t\t\t\t\t<\/div>\n\t\t<\/section>\n\t\t\t\t<section class=\"elementor-section elementor-inner-section elementor-element elementor-element-ad1c28c elementor-section-boxed elementor-section-height-default elementor-section-height-default\" data-id=\"ad1c28c\" data-element_type=\"section\">\n\t\t\t\t\t\t<div class=\"elementor-container elementor-column-gap-no\">\n\t\t\t\t\t<div class=\"elementor-column elementor-col-50 elementor-inner-column elementor-element elementor-element-72f16e6\" data-id=\"72f16e6\" data-element_type=\"column\">\n\t\t\t<div class=\"elementor-widget-wrap elementor-element-populated\">\n\t\t\t\t\t\t<div class=\"elementor-element elementor-element-ecf9ef0 elementor-widget elementor-widget-elementskit-pricing\" data-id=\"ecf9ef0\" data-element_type=\"widget\" data-widget_type=\"elementskit-pricing.default\">\n\t\t\t\t<div class=\"elementor-widget-container\">\n\t\t\t\t\t<div class=\"ekit-wid-con\" >\n\n        <div class=\"elementskit-single-pricing \" >\n            <div class=\"elementskit-pricing-header \">\n\t\t\t\t                    <figure class=\"elementor-pricing-img\"><img decoding=\"async\" src=\"https:\/\/faciprint.fr\/wp-content\/uploads\/2024\/05\/C4342.png\" title=\"C4342.png\" alt=\"C4342.png\" loading=\"lazy\" \/><\/figure>                \t\t\t\t\n\t\t\t\t                \t<h1\t\t\t\t\tclass=\" elementskit-pricing-title\">C4342\t\t\t\t\t<\/h1>\n\t\t\t\t\t\t\t\t                \t<p class=\" elementskit-pricing-subtitle\">Lexmark<\/p>\n\t\t\t\t            <\/div>\n\t\t\t            <div class=\"elementskit-pricing-content \">\n\n                                                    <ul class=\"elementskit-pricing-lists\">\n                        \t\t\t\t\t\t\t<li class=\"elementor-repeater-item-5ff7dc3\">\n\t\t\t\t\t\t\t\t<i aria-hidden=\"true\" class=\"icon icon-printer1\"><\/i>\t\t\t\t\t\t\t\t\n\t\t\t\t\t\t\t\tJusqu&#039;\u00e0 40 pages\/minute\t\t\t\t\t\t\t\t\n\t\t\t\t\t\t\t\t\t\t\t\t\t\t\t<\/li>\n                        \t\t\t\t\t\t\t<li class=\"elementor-repeater-item-89ac804\">\n\t\t\t\t\t\t\t\t<i aria-hidden=\"true\" class=\"hm hm-finger-hover-touch\"><\/i>\t\t\t\t\t\t\t\t\n\t\t\t\t\t\t\t\t\u00c9cran tactile 10,9 cm\t\t\t\t\t\t\t\t\n\t\t\t\t\t\t\t\t\t\t\t\t\t\t\t<\/li>\n                                            <\/ul>\n                            <\/div>\n            <div class=\"elementskit-pricing-btn-wraper \">\n\t\t\t\t<a href=\"http:\/\/faciprint.fr\/wp-content\/uploads\/2023\/11\/C4342-Brochure.Zeendoc.pdf\" target=\"_blank\" class=\"elementskit-pricing-btn  ekit-pricing-btn-icon-pos-right\" >\n\t\t\t\t\tVoir plus\t\t\t\t<\/a>\n            <\/div>\n        <\/div>\n\n    <\/div>\t\t\t\t<\/div>\n\t\t\t\t<\/div>\n\t\t\t\t\t<\/div>\n\t\t<\/div>\n\t\t\t\t<div class=\"elementor-column elementor-col-50 elementor-inner-column elementor-element elementor-element-1735f2f\" data-id=\"1735f2f\" data-element_type=\"column\">\n\t\t\t<div class=\"elementor-widget-wrap elementor-element-populated\">\n\t\t\t\t\t\t<div class=\"elementor-element elementor-element-1b40218 elementor-widget elementor-widget-elementskit-pricing\" data-id=\"1b40218\" data-element_type=\"widget\" data-widget_type=\"elementskit-pricing.default\">\n\t\t\t\t<div class=\"elementor-widget-container\">\n\t\t\t\t\t<div class=\"ekit-wid-con\" >\n\n        <div class=\"elementskit-single-pricing \" >\n            <div class=\"elementskit-pricing-header \">\n\t\t\t\t                    <figure class=\"elementor-pricing-img\"><img decoding=\"async\" src=\"https:\/\/faciprint.fr\/wp-content\/uploads\/2024\/05\/C4352.png\" title=\"C4352.png\" alt=\"C4352.png\" loading=\"lazy\" \/><\/figure>                \t\t\t\t\n\t\t\t\t                \t<h1\t\t\t\t\tclass=\" elementskit-pricing-title\">C4352\t\t\t\t\t<\/h1>\n\t\t\t\t\t\t\t\t                \t<p class=\" elementskit-pricing-subtitle\">Lexmark<\/p>\n\t\t\t\t            <\/div>\n\t\t\t            <div class=\"elementskit-pricing-content \">\n\n                                                    <ul class=\"elementskit-pricing-lists\">\n                        \t\t\t\t\t\t\t<li class=\"elementor-repeater-item-5ff7dc3\">\n\t\t\t\t\t\t\t\t<i aria-hidden=\"true\" class=\"icon icon-printer1\"><\/i>\t\t\t\t\t\t\t\t\n\t\t\t\t\t\t\t\tJusqu&#039;\u00e0 50 pages\/minute\t\t\t\t\t\t\t\t\n\t\t\t\t\t\t\t\t\t\t\t\t\t\t\t<\/li>\n                        \t\t\t\t\t\t\t<li class=\"elementor-repeater-item-89ac804\">\n\t\t\t\t\t\t\t\t<i aria-hidden=\"true\" class=\"hm hm-finger-hover-touch\"><\/i>\t\t\t\t\t\t\t\t\n\t\t\t\t\t\t\t\t\u00c9cran tactile de 10,9 cm\t\t\t\t\t\t\t\t\n\t\t\t\t\t\t\t\t\t\t\t\t\t\t\t<\/li>\n                                            <\/ul>\n                            <\/div>\n            <div class=\"elementskit-pricing-btn-wraper \">\n\t\t\t\t<a href=\"http:\/\/faciprint.fr\/wp-content\/uploads\/2023\/11\/C4352-Brochure.Zeendoc.pdf\" target=\"_blank\" class=\"elementskit-pricing-btn  ekit-pricing-btn-icon-pos-right\" >\n\t\t\t\t\tVoir plus\t\t\t\t<\/a>\n            <\/div>\n        <\/div>\n\n    <\/div>\t\t\t\t<\/div>\n\t\t\t\t<\/div>\n\t\t\t\t\t<\/div>\n\t\t<\/div>\n\t\t\t\t\t<\/div>\n\t\t<\/section>\n\t\t\t\t\t<\/div>\n\t\t<\/div>\n\t\t\t\t\t<\/div>\n\t\t<\/section>\n\t\t\t\t<\/div>\n\t\t","protected":false},"excerpt":{"rendered":"<p>IMPRIMANTES COULEUR Les imprimantes couleur multifonctions Lexmark offrent impression, num\u00e9risation et copie dans un seul appareil efficace. Parfaites pour les environnements de travail exigeants, elles assurent une qualit\u00e9 remarquable et une gestion optimale des t\u00e2ches, am\u00e9liorant ainsi productivit\u00e9 et co\u00fbts. C2326 Lexmark Jusqu&#039;\u00e0 24 pages\/minute \u00c9cran tactile 7,2 cm Voir plus C2335 Lexmark Jusqu&#039;\u00e0 33 [&hellip;]<\/p>\n","protected":false},"author":1,"featured_media":0,"parent":0,"menu_order":0,"comment_status":"closed","ping_status":"closed","template":"elementor_header_footer","meta":{"inline_featured_image":false,"footnotes":""},"class_list":["post-87","page","type-page","status-publish","hentry"],"yoast_head":"<!-- This site is optimized with the Yoast SEO plugin v25.6 - https:\/\/yoast.com\/wordpress\/plugins\/seo\/ -->\n<title>Imprimantes Couleur - FaciPrint<\/title>\n<meta name=\"robots\" content=\"index, follow, max-snippet:-1, max-image-preview:large, max-video-preview:-1\" \/>\n<link rel=\"canonical\" href=\"https:\/\/faciprint.fr\/index.php\/imprimantes-couleur\/\" \/>\n<meta property=\"og:locale\" content=\"fr_FR\" \/>\n<meta property=\"og:type\" content=\"article\" \/>\n<meta property=\"og:title\" content=\"Imprimantes Couleur - FaciPrint\" \/>\n<meta property=\"og:description\" content=\"IMPRIMANTES COULEUR Les imprimantes couleur multifonctions Lexmark offrent impression, num\u00e9risation et copie dans un seul appareil efficace. Parfaites pour les environnements de travail exigeants, elles assurent une qualit\u00e9 remarquable et une gestion optimale des t\u00e2ches, am\u00e9liorant ainsi productivit\u00e9 et co\u00fbts. C2326 Lexmark Jusqu&#039;\u00e0 24 pages\/minute \u00c9cran tactile 7,2 cm Voir plus C2335 Lexmark Jusqu&#039;\u00e0 33 [&hellip;]\" \/>\n<meta property=\"og:url\" content=\"https:\/\/faciprint.fr\/index.php\/imprimantes-couleur\/\" \/>\n<meta property=\"og:site_name\" content=\"FaciPrint\" \/>\n<meta property=\"article:modified_time\" content=\"2025-02-24T15:40:56+00:00\" \/>\n<meta property=\"og:image\" content=\"https:\/\/faciprint.fr\/wp-content\/uploads\/2024\/05\/C2326.png\" \/>\n<meta name=\"twitter:card\" content=\"summary_large_image\" \/>\n<meta name=\"twitter:label1\" content=\"Dur\u00e9e de lecture estim\u00e9e\" \/>\n\t<meta name=\"twitter:data1\" content=\"2 minutes\" \/>\n<script type=\"application\/ld+json\" class=\"yoast-schema-graph\">{\"@context\":\"https:\/\/schema.org\",\"@graph\":[{\"@type\":\"WebPage\",\"@id\":\"https:\/\/faciprint.fr\/index.php\/imprimantes-couleur\/\",\"url\":\"https:\/\/faciprint.fr\/index.php\/imprimantes-couleur\/\",\"name\":\"Imprimantes Couleur - FaciPrint\",\"isPartOf\":{\"@id\":\"https:\/\/faciprint.fr\/#website\"},\"primaryImageOfPage\":{\"@id\":\"https:\/\/faciprint.fr\/index.php\/imprimantes-couleur\/#primaryimage\"},\"image\":{\"@id\":\"https:\/\/faciprint.fr\/index.php\/imprimantes-couleur\/#primaryimage\"},\"thumbnailUrl\":\"https:\/\/faciprint.fr\/wp-content\/uploads\/2024\/05\/C2326.png\",\"datePublished\":\"2024-05-31T14:04:14+00:00\",\"dateModified\":\"2025-02-24T15:40:56+00:00\",\"breadcrumb\":{\"@id\":\"https:\/\/faciprint.fr\/index.php\/imprimantes-couleur\/#breadcrumb\"},\"inLanguage\":\"fr-FR\",\"potentialAction\":[{\"@type\":\"ReadAction\",\"target\":[\"https:\/\/faciprint.fr\/index.php\/imprimantes-couleur\/\"]}]},{\"@type\":\"ImageObject\",\"inLanguage\":\"fr-FR\",\"@id\":\"https:\/\/faciprint.fr\/index.php\/imprimantes-couleur\/#primaryimage\",\"url\":\"https:\/\/faciprint.fr\/wp-content\/uploads\/2024\/05\/C2326.png\",\"contentUrl\":\"https:\/\/faciprint.fr\/wp-content\/uploads\/2024\/05\/C2326.png\",\"width\":189,\"height\":136},{\"@type\":\"BreadcrumbList\",\"@id\":\"https:\/\/faciprint.fr\/index.php\/imprimantes-couleur\/#breadcrumb\",\"itemListElement\":[{\"@type\":\"ListItem\",\"position\":1,\"name\":\"Accueil\",\"item\":\"https:\/\/faciprint.fr\/\"},{\"@type\":\"ListItem\",\"position\":2,\"name\":\"Imprimantes Couleur\"}]},{\"@type\":\"WebSite\",\"@id\":\"https:\/\/faciprint.fr\/#website\",\"url\":\"https:\/\/faciprint.fr\/\",\"name\":\"FaciPrint\",\"description\":\"Votre partenaire bureautique\",\"publisher\":{\"@id\":\"https:\/\/faciprint.fr\/#organization\"},\"potentialAction\":[{\"@type\":\"SearchAction\",\"target\":{\"@type\":\"EntryPoint\",\"urlTemplate\":\"https:\/\/faciprint.fr\/?s={search_term_string}\"},\"query-input\":{\"@type\":\"PropertyValueSpecification\",\"valueRequired\":true,\"valueName\":\"search_term_string\"}}],\"inLanguage\":\"fr-FR\"},{\"@type\":\"Organization\",\"@id\":\"https:\/\/faciprint.fr\/#organization\",\"name\":\"FaciPrint\",\"url\":\"https:\/\/faciprint.fr\/\",\"logo\":{\"@type\":\"ImageObject\",\"inLanguage\":\"fr-FR\",\"@id\":\"https:\/\/faciprint.fr\/#\/schema\/logo\/image\/\",\"url\":\"https:\/\/faciprint.fr\/wp-content\/uploads\/2024\/05\/1.png\",\"contentUrl\":\"https:\/\/faciprint.fr\/wp-content\/uploads\/2024\/05\/1.png\",\"width\":2000,\"height\":539,\"caption\":\"FaciPrint\"},\"image\":{\"@id\":\"https:\/\/faciprint.fr\/#\/schema\/logo\/image\/\"}}]}<\/script>\n<!-- \/ Yoast SEO plugin. -->","yoast_head_json":{"title":"Imprimantes Couleur - FaciPrint","robots":{"index":"index","follow":"follow","max-snippet":"max-snippet:-1","max-image-preview":"max-image-preview:large","max-video-preview":"max-video-preview:-1"},"canonical":"https:\/\/faciprint.fr\/index.php\/imprimantes-couleur\/","og_locale":"fr_FR","og_type":"article","og_title":"Imprimantes Couleur - FaciPrint","og_description":"IMPRIMANTES COULEUR Les imprimantes couleur multifonctions Lexmark offrent impression, num\u00e9risation et copie dans un seul appareil efficace. Parfaites pour les environnements de travail exigeants, elles assurent une qualit\u00e9 remarquable et une gestion optimale des t\u00e2ches, am\u00e9liorant ainsi productivit\u00e9 et co\u00fbts. C2326 Lexmark Jusqu&#039;\u00e0 24 pages\/minute \u00c9cran tactile 7,2 cm Voir plus C2335 Lexmark Jusqu&#039;\u00e0 33 [&hellip;]","og_url":"https:\/\/faciprint.fr\/index.php\/imprimantes-couleur\/","og_site_name":"FaciPrint","article_modified_time":"2025-02-24T15:40:56+00:00","og_image":[{"url":"https:\/\/faciprint.fr\/wp-content\/uploads\/2024\/05\/C2326.png","type":"","width":"","height":""}],"twitter_card":"summary_large_image","twitter_misc":{"Dur\u00e9e de lecture estim\u00e9e":"2 minutes"},"schema":{"@context":"https:\/\/schema.org","@graph":[{"@type":"WebPage","@id":"https:\/\/faciprint.fr\/index.php\/imprimantes-couleur\/","url":"https:\/\/faciprint.fr\/index.php\/imprimantes-couleur\/","name":"Imprimantes Couleur - FaciPrint","isPartOf":{"@id":"https:\/\/faciprint.fr\/#website"},"primaryImageOfPage":{"@id":"https:\/\/faciprint.fr\/index.php\/imprimantes-couleur\/#primaryimage"},"image":{"@id":"https:\/\/faciprint.fr\/index.php\/imprimantes-couleur\/#primaryimage"},"thumbnailUrl":"https:\/\/faciprint.fr\/wp-content\/uploads\/2024\/05\/C2326.png","datePublished":"2024-05-31T14:04:14+00:00","dateModified":"2025-02-24T15:40:56+00:00","breadcrumb":{"@id":"https:\/\/faciprint.fr\/index.php\/imprimantes-couleur\/#breadcrumb"},"inLanguage":"fr-FR","potentialAction":[{"@type":"ReadAction","target":["https:\/\/faciprint.fr\/index.php\/imprimantes-couleur\/"]}]},{"@type":"ImageObject","inLanguage":"fr-FR","@id":"https:\/\/faciprint.fr\/index.php\/imprimantes-couleur\/#primaryimage","url":"https:\/\/faciprint.fr\/wp-content\/uploads\/2024\/05\/C2326.png","contentUrl":"https:\/\/faciprint.fr\/wp-content\/uploads\/2024\/05\/C2326.png","width":189,"height":136},{"@type":"BreadcrumbList","@id":"https:\/\/faciprint.fr\/index.php\/imprimantes-couleur\/#breadcrumb","itemListElement":[{"@type":"ListItem","position":1,"name":"Accueil","item":"https:\/\/faciprint.fr\/"},{"@type":"ListItem","position":2,"name":"Imprimantes Couleur"}]},{"@type":"WebSite","@id":"https:\/\/faciprint.fr\/#website","url":"https:\/\/faciprint.fr\/","name":"FaciPrint","description":"Votre partenaire bureautique","publisher":{"@id":"https:\/\/faciprint.fr\/#organization"},"potentialAction":[{"@type":"SearchAction","target":{"@type":"EntryPoint","urlTemplate":"https:\/\/faciprint.fr\/?s={search_term_string}"},"query-input":{"@type":"PropertyValueSpecification","valueRequired":true,"valueName":"search_term_string"}}],"inLanguage":"fr-FR"},{"@type":"Organization","@id":"https:\/\/faciprint.fr\/#organization","name":"FaciPrint","url":"https:\/\/faciprint.fr\/","logo":{"@type":"ImageObject","inLanguage":"fr-FR","@id":"https:\/\/faciprint.fr\/#\/schema\/logo\/image\/","url":"https:\/\/faciprint.fr\/wp-content\/uploads\/2024\/05\/1.png","contentUrl":"https:\/\/faciprint.fr\/wp-content\/uploads\/2024\/05\/1.png","width":2000,"height":539,"caption":"FaciPrint"},"image":{"@id":"https:\/\/faciprint.fr\/#\/schema\/logo\/image\/"}}]}},"_links":{"self":[{"href":"https:\/\/faciprint.fr\/index.php\/wp-json\/wp\/v2\/pages\/87","targetHints":{"allow":["GET"]}}],"collection":[{"href":"https:\/\/faciprint.fr\/index.php\/wp-json\/wp\/v2\/pages"}],"about":[{"href":"https:\/\/faciprint.fr\/index.php\/wp-json\/wp\/v2\/types\/page"}],"author":[{"embeddable":true,"href":"https:\/\/faciprint.fr\/index.php\/wp-json\/wp\/v2\/users\/1"}],"replies":[{"embeddable":true,"href":"https:\/\/faciprint.fr\/index.php\/wp-json\/wp\/v2\/comments?post=87"}],"version-history":[{"count":17,"href":"https:\/\/faciprint.fr\/index.php\/wp-json\/wp\/v2\/pages\/87\/revisions"}],"predecessor-version":[{"id":198,"href":"https:\/\/faciprint.fr\/index.php\/wp-json\/wp\/v2\/pages\/87\/revisions\/198"}],"wp:attachment":[{"href":"https:\/\/faciprint.fr\/index.php\/wp-json\/wp\/v2\/media?parent=87"}],"curies":[{"name":"wp","href":"https:\/\/api.w.org\/{rel}","templated":true}]}}