{"id":65,"date":"2024-05-31T15:56:54","date_gmt":"2024-05-31T13:56:54","guid":{"rendered":"http:\/\/faciprin.cluster014.ovh.net\/?page_id=65"},"modified":"2024-05-31T16:59:01","modified_gmt":"2024-05-31T14:59:01","slug":"imprimantes-nampb","status":"publish","type":"page","link":"https:\/\/faciprint.fr\/index.php\/imprimantes-nampb\/","title":{"rendered":"Imprimantes N&amp;B"},"content":{"rendered":"\t\t<div data-elementor-type=\"wp-page\" data-elementor-id=\"65\" class=\"elementor elementor-65\" data-elementor-post-type=\"page\">\n\t\t\t\t<div class=\"elementor-element elementor-element-a64cc0f e-grid e-con-boxed e-con e-parent\" data-id=\"a64cc0f\" data-element_type=\"container\" data-settings=\"{&quot;background_background&quot;:&quot;classic&quot;}\">\n\t\t\t\t\t<div class=\"e-con-inner\">\n\t\t\t\t<div class=\"elementor-element elementor-element-b14680d elementor-widget elementor-widget-text-editor\" data-id=\"b14680d\" data-element_type=\"widget\" data-widget_type=\"text-editor.default\">\n\t\t\t\t<div class=\"elementor-widget-container\">\n\t\t\t\t\t\t\t\t\t<p>IMPRIMANTES N&amp;B<\/p>\t\t\t\t\t\t\t\t<\/div>\n\t\t\t\t<\/div>\n\t\t\t\t\t<\/div>\n\t\t\t\t<\/div>\n\t\t<div class=\"elementor-element elementor-element-627f798 e-flex e-con-boxed e-con e-parent\" data-id=\"627f798\" data-element_type=\"container\">\n\t\t\t\t\t<div class=\"e-con-inner\">\n\t\t\t\t<div class=\"elementor-element elementor-element-a4a6c8b elementor-widget elementor-widget-text-editor\" data-id=\"a4a6c8b\" data-element_type=\"widget\" data-widget_type=\"text-editor.default\">\n\t\t\t\t<div class=\"elementor-widget-container\">\n\t\t\t\t\t\t\t\t\t<p>Les imprimantes monochrome laser Lexmark offrent une impression rapide et fiable avec une qualit\u00e9 exceptionnelle. Id\u00e9ales pour les environnements de travail exigeants, elles assurent des documents professionnels et une gestion efficace des co\u00fbts.<\/p>\t\t\t\t\t\t\t\t<\/div>\n\t\t\t\t<\/div>\n\t\t\t\t\t<\/div>\n\t\t\t\t<\/div>\n\t\t\t\t<section class=\"elementor-section elementor-top-section elementor-element elementor-element-2d678d1 elementor-section-boxed elementor-section-height-default elementor-section-height-default\" data-id=\"2d678d1\" data-element_type=\"section\">\n\t\t\t\t\t\t<div class=\"elementor-container elementor-column-gap-default\">\n\t\t\t\t\t<div class=\"elementor-column elementor-col-100 elementor-top-column elementor-element elementor-element-e7fad60\" data-id=\"e7fad60\" data-element_type=\"column\">\n\t\t\t<div class=\"elementor-widget-wrap elementor-element-populated\">\n\t\t\t\t\t\t<section class=\"elementor-section elementor-inner-section elementor-element elementor-element-defebc2 elementor-section-boxed elementor-section-height-default elementor-section-height-default\" data-id=\"defebc2\" data-element_type=\"section\">\n\t\t\t\t\t\t<div class=\"elementor-container elementor-column-gap-no\">\n\t\t\t\t\t<div class=\"elementor-column elementor-col-33 elementor-inner-column elementor-element elementor-element-9183f35\" data-id=\"9183f35\" data-element_type=\"column\">\n\t\t\t<div class=\"elementor-widget-wrap elementor-element-populated\">\n\t\t\t\t\t\t<div class=\"elementor-element elementor-element-ae12a9c elementor-widget elementor-widget-elementskit-pricing\" data-id=\"ae12a9c\" data-element_type=\"widget\" data-widget_type=\"elementskit-pricing.default\">\n\t\t\t\t<div class=\"elementor-widget-container\">\n\t\t\t\t\t<div class=\"ekit-wid-con\" >\n\n        <div class=\"elementskit-single-pricing \" >\n            <div class=\"elementskit-pricing-header \">\n\t\t\t\t                    <figure class=\"elementor-pricing-img\"><img decoding=\"async\" src=\"https:\/\/faciprint.fr\/wp-content\/uploads\/2024\/05\/M1342.png\" title=\"M1342.png\" alt=\"M1342.png\" loading=\"lazy\" \/><\/figure>                \t\t\t\t\n\t\t\t\t                \t<h1\t\t\t\t\tclass=\" elementskit-pricing-title\">M1342\t\t\t\t\t<\/h1>\n\t\t\t\t\t\t\t\t                \t<p class=\" elementskit-pricing-subtitle\">Lexmark<\/p>\n\t\t\t\t            <\/div>\n\t\t\t            <div class=\"elementskit-pricing-content \">\n\n                                                    <ul class=\"elementskit-pricing-lists\">\n                        \t\t\t\t\t\t\t<li class=\"elementor-repeater-item-5ff7dc3\">\n\t\t\t\t\t\t\t\t<i aria-hidden=\"true\" class=\"icon icon-printer1\"><\/i>\t\t\t\t\t\t\t\t\n\t\t\t\t\t\t\t\tJusqu&#039;\u00e0 40 pages\/minute\t\t\t\t\t\t\t\t\n\t\t\t\t\t\t\t\t\t\t\t\t\t\t\t<\/li>\n                        \t\t\t\t\t\t\t<li class=\"elementor-repeater-item-89ac804\">\n\t\t\t\t\t\t\t\t<i aria-hidden=\"true\" class=\"icon icon-screen\"><\/i>\t\t\t\t\t\t\t\t\n\t\t\t\t\t\t\t\t\u00c9cran \u00e0 2 lignes\t\t\t\t\t\t\t\t\n\t\t\t\t\t\t\t\t\t\t\t\t\t\t\t<\/li>\n                                            <\/ul>\n                            <\/div>\n            <div class=\"elementskit-pricing-btn-wraper \">\n\t\t\t\t<a href=\"http:\/\/faciprint.fr\/wp-content\/uploads\/2023\/11\/M1342-Brochure_FR.Zeendoc.pdf\" target=\"_blank\" class=\"elementskit-pricing-btn  ekit-pricing-btn-icon-pos-right\" >\n\t\t\t\t\tVoir plus\t\t\t\t<\/a>\n            <\/div>\n        <\/div>\n\n    <\/div>\t\t\t\t<\/div>\n\t\t\t\t<\/div>\n\t\t\t\t\t<\/div>\n\t\t<\/div>\n\t\t\t\t<div class=\"elementor-column elementor-col-33 elementor-inner-column elementor-element elementor-element-7215089\" data-id=\"7215089\" data-element_type=\"column\">\n\t\t\t<div class=\"elementor-widget-wrap elementor-element-populated\">\n\t\t\t\t\t\t<div class=\"elementor-element elementor-element-454c333 elementor-widget elementor-widget-elementskit-pricing\" data-id=\"454c333\" data-element_type=\"widget\" data-widget_type=\"elementskit-pricing.default\">\n\t\t\t\t<div class=\"elementor-widget-container\">\n\t\t\t\t\t<div class=\"ekit-wid-con\" >\n\n        <div class=\"elementskit-single-pricing \" >\n            <div class=\"elementskit-pricing-header \">\n\t\t\t\t                    <figure class=\"elementor-pricing-img\"><img decoding=\"async\" src=\"https:\/\/faciprint.fr\/wp-content\/uploads\/2024\/05\/M3350.png\" title=\"M3350.png\" alt=\"M3350.png\" loading=\"lazy\" \/><\/figure>                \t\t\t\t\n\t\t\t\t                \t<h1\t\t\t\t\tclass=\" elementskit-pricing-title\">M3350\t\t\t\t\t<\/h1>\n\t\t\t\t\t\t\t\t                \t<p class=\" elementskit-pricing-subtitle\">Lexmark<\/p>\n\t\t\t\t            <\/div>\n\t\t\t            <div class=\"elementskit-pricing-content \">\n\n                                                    <ul class=\"elementskit-pricing-lists\">\n                        \t\t\t\t\t\t\t<li class=\"elementor-repeater-item-5ff7dc3\">\n\t\t\t\t\t\t\t\t<i aria-hidden=\"true\" class=\"icon icon-printer1\"><\/i>\t\t\t\t\t\t\t\t\n\t\t\t\t\t\t\t\tJusqu&#039;\u00e0 47 pages\/minute\t\t\t\t\t\t\t\t\n\t\t\t\t\t\t\t\t\t\t\t\t\t\t\t<\/li>\n                        \t\t\t\t\t\t\t<li class=\"elementor-repeater-item-89ac804\">\n\t\t\t\t\t\t\t\t<i aria-hidden=\"true\" class=\"hm hm-finger-hover-touch\"><\/i>\t\t\t\t\t\t\t\t\n\t\t\t\t\t\t\t\t\u00c9cran tactile 10,9 cm\t\t\t\t\t\t\t\t\n\t\t\t\t\t\t\t\t\t\t\t\t\t\t\t<\/li>\n                                            <\/ul>\n                            <\/div>\n            <div class=\"elementskit-pricing-btn-wraper \">\n\t\t\t\t<a href=\"http:\/\/faciprint.fr\/wp-content\/uploads\/2023\/11\/M3350-Brochure.Zeendoc.pdf\" target=\"_blank\" class=\"elementskit-pricing-btn  ekit-pricing-btn-icon-pos-right\" >\n\t\t\t\t\tVoir plus\t\t\t\t<\/a>\n            <\/div>\n        <\/div>\n\n    <\/div>\t\t\t\t<\/div>\n\t\t\t\t<\/div>\n\t\t\t\t\t<\/div>\n\t\t<\/div>\n\t\t\t\t<div class=\"elementor-column elementor-col-33 elementor-inner-column elementor-element elementor-element-4a3cd2f\" data-id=\"4a3cd2f\" data-element_type=\"column\">\n\t\t\t<div class=\"elementor-widget-wrap elementor-element-populated\">\n\t\t\t\t\t\t<div class=\"elementor-element elementor-element-08d5aa0 elementor-widget elementor-widget-elementskit-pricing\" data-id=\"08d5aa0\" data-element_type=\"widget\" data-widget_type=\"elementskit-pricing.default\">\n\t\t\t\t<div class=\"elementor-widget-container\">\n\t\t\t\t\t<div class=\"ekit-wid-con\" >\n\n        <div class=\"elementskit-single-pricing \" >\n            <div class=\"elementskit-pricing-header \">\n\t\t\t\t                    <figure class=\"elementor-pricing-img\"><img decoding=\"async\" src=\"https:\/\/faciprint.fr\/wp-content\/uploads\/2024\/05\/M5255.png\" title=\"M5255.png\" alt=\"M5255.png\" loading=\"lazy\" \/><\/figure>                \t\t\t\t\n\t\t\t\t                \t<h1\t\t\t\t\tclass=\" elementskit-pricing-title\">M5255\t\t\t\t\t<\/h1>\n\t\t\t\t\t\t\t\t                \t<p class=\" elementskit-pricing-subtitle\">Lexmark<\/p>\n\t\t\t\t            <\/div>\n\t\t\t            <div class=\"elementskit-pricing-content \">\n\n                                                    <ul class=\"elementskit-pricing-lists\">\n                        \t\t\t\t\t\t\t<li class=\"elementor-repeater-item-5ff7dc3\">\n\t\t\t\t\t\t\t\t<i aria-hidden=\"true\" class=\"icon icon-printer1\"><\/i>\t\t\t\t\t\t\t\t\n\t\t\t\t\t\t\t\tJusqu&#039;\u00e0 52 pages\/minute\t\t\t\t\t\t\t\t\n\t\t\t\t\t\t\t\t\t\t\t\t\t\t\t<\/li>\n                        \t\t\t\t\t\t\t<li class=\"elementor-repeater-item-89ac804\">\n\t\t\t\t\t\t\t\t<i aria-hidden=\"true\" class=\"hm hm-finger-hover-touch\"><\/i>\t\t\t\t\t\t\t\t\n\t\t\t\t\t\t\t\t\u00c9cran tactile 10,9 cm\t\t\t\t\t\t\t\t\n\t\t\t\t\t\t\t\t\t\t\t\t\t\t\t<\/li>\n                        \t\t\t\t\t\t\t<li class=\"elementor-repeater-item-1d34507\">\n\t\t\t\t\t\t\t\t<i aria-hidden=\"true\" class=\"icon icon-clip\"><\/i>\t\t\t\t\t\t\t\t\n\t\t\t\t\t\t\t\tOptions de finition\t\t\t\t\t\t\t\t\n\t\t\t\t\t\t\t\t\t\t\t\t\t\t\t<\/li>\n                                            <\/ul>\n                            <\/div>\n            <div class=\"elementskit-pricing-btn-wraper \">\n\t\t\t\t<a href=\"http:\/\/faciprint.fr\/wp-content\/uploads\/2023\/11\/Lexmark-imprimante-NB-M5255.Zeendoc.pdf\" target=\"_blank\" class=\"elementskit-pricing-btn  ekit-pricing-btn-icon-pos-right\" >\n\t\t\t\t\tVoir plus\t\t\t\t<\/a>\n            <\/div>\n        <\/div>\n\n    <\/div>\t\t\t\t<\/div>\n\t\t\t\t<\/div>\n\t\t\t\t\t<\/div>\n\t\t<\/div>\n\t\t\t\t\t<\/div>\n\t\t<\/section>\n\t\t\t\t<section class=\"elementor-section elementor-inner-section elementor-element elementor-element-0135f28 elementor-section-boxed elementor-section-height-default elementor-section-height-default\" data-id=\"0135f28\" data-element_type=\"section\">\n\t\t\t\t\t\t<div class=\"elementor-container elementor-column-gap-no\">\n\t\t\t\t\t<div class=\"elementor-column elementor-col-33 elementor-inner-column elementor-element elementor-element-bb67db6\" data-id=\"bb67db6\" data-element_type=\"column\">\n\t\t\t<div class=\"elementor-widget-wrap\">\n\t\t\t\t\t\t\t<\/div>\n\t\t<\/div>\n\t\t\t\t<div class=\"elementor-column elementor-col-33 elementor-inner-column elementor-element elementor-element-d88cdac\" data-id=\"d88cdac\" data-element_type=\"column\">\n\t\t\t<div class=\"elementor-widget-wrap elementor-element-populated\">\n\t\t\t\t\t\t<div class=\"elementor-element elementor-element-01a55ac elementor-widget elementor-widget-elementskit-pricing\" data-id=\"01a55ac\" data-element_type=\"widget\" data-widget_type=\"elementskit-pricing.default\">\n\t\t\t\t<div class=\"elementor-widget-container\">\n\t\t\t\t\t<div class=\"ekit-wid-con\" >\n\n        <div class=\"elementskit-single-pricing \" >\n            <div class=\"elementskit-pricing-header \">\n\t\t\t\t                    <figure class=\"elementor-pricing-img\"><img decoding=\"async\" src=\"https:\/\/faciprint.fr\/wp-content\/uploads\/2024\/05\/M5270.png\" title=\"M5270.png\" alt=\"M5270.png\" loading=\"lazy\" \/><\/figure>                \t\t\t\t\n\t\t\t\t                \t<h1\t\t\t\t\tclass=\" elementskit-pricing-title\">M5270\t\t\t\t\t<\/h1>\n\t\t\t\t\t\t\t\t                \t<p class=\" elementskit-pricing-subtitle\">Lexmark<\/p>\n\t\t\t\t            <\/div>\n\t\t\t            <div class=\"elementskit-pricing-content \">\n\n                                                    <ul class=\"elementskit-pricing-lists\">\n                        \t\t\t\t\t\t\t<li class=\"elementor-repeater-item-5ff7dc3\">\n\t\t\t\t\t\t\t\t<i aria-hidden=\"true\" class=\"icon icon-printer1\"><\/i>\t\t\t\t\t\t\t\t\n\t\t\t\t\t\t\t\tJusqu&#039;\u00e0 66 pages\/minute\t\t\t\t\t\t\t\t\n\t\t\t\t\t\t\t\t\t\t\t\t\t\t\t<\/li>\n                        \t\t\t\t\t\t\t<li class=\"elementor-repeater-item-89ac804\">\n\t\t\t\t\t\t\t\t<i aria-hidden=\"true\" class=\"hm hm-finger-hover-touch\"><\/i>\t\t\t\t\t\t\t\t\n\t\t\t\t\t\t\t\t\u00c9cran tactile 10,9 cm\t\t\t\t\t\t\t\t\n\t\t\t\t\t\t\t\t\t\t\t\t\t\t\t<\/li>\n                        \t\t\t\t\t\t\t<li class=\"elementor-repeater-item-1d34507\">\n\t\t\t\t\t\t\t\t<i aria-hidden=\"true\" class=\"icon icon-clip\"><\/i>\t\t\t\t\t\t\t\t\n\t\t\t\t\t\t\t\tOptions de finition\t\t\t\t\t\t\t\t\n\t\t\t\t\t\t\t\t\t\t\t\t\t\t\t<\/li>\n                                            <\/ul>\n                            <\/div>\n            <div class=\"elementskit-pricing-btn-wraper \">\n\t\t\t\t<a href=\"http:\/\/faciprint.fr\/wp-content\/uploads\/2023\/11\/Lexmark-imprimante-NB-M5270.Zeendoc.pdf\" target=\"_blank\" class=\"elementskit-pricing-btn  ekit-pricing-btn-icon-pos-right\" >\n\t\t\t\t\tVoir plus\t\t\t\t<\/a>\n            <\/div>\n        <\/div>\n\n    <\/div>\t\t\t\t<\/div>\n\t\t\t\t<\/div>\n\t\t\t\t\t<\/div>\n\t\t<\/div>\n\t\t\t\t<div class=\"elementor-column elementor-col-33 elementor-inner-column elementor-element elementor-element-cbd3662\" data-id=\"cbd3662\" data-element_type=\"column\">\n\t\t\t<div class=\"elementor-widget-wrap\">\n\t\t\t\t\t\t\t<\/div>\n\t\t<\/div>\n\t\t\t\t\t<\/div>\n\t\t<\/section>\n\t\t\t\t\t<\/div>\n\t\t<\/div>\n\t\t\t\t\t<\/div>\n\t\t<\/section>\n\t\t\t\t<\/div>\n\t\t","protected":false},"excerpt":{"rendered":"<p>IMPRIMANTES N&amp;B Les imprimantes monochrome laser Lexmark offrent une impression rapide et fiable avec une qualit\u00e9 exceptionnelle. Id\u00e9ales pour les environnements de travail exigeants, elles assurent des documents professionnels et une gestion efficace des co\u00fbts. M1342 Lexmark Jusqu&#039;\u00e0 40 pages\/minute \u00c9cran \u00e0 2 lignes Voir plus M3350 Lexmark Jusqu&#039;\u00e0 47 pages\/minute \u00c9cran tactile 10,9 cm [&hellip;]<\/p>\n","protected":false},"author":1,"featured_media":0,"parent":0,"menu_order":0,"comment_status":"closed","ping_status":"closed","template":"elementor_header_footer","meta":{"inline_featured_image":false,"footnotes":""},"class_list":["post-65","page","type-page","status-publish","hentry"],"yoast_head":"<!-- This site is optimized with the Yoast SEO plugin v25.6 - https:\/\/yoast.com\/wordpress\/plugins\/seo\/ -->\n<title>Imprimantes N&amp;B - FaciPrint<\/title>\n<meta name=\"robots\" content=\"index, follow, max-snippet:-1, max-image-preview:large, max-video-preview:-1\" \/>\n<link rel=\"canonical\" href=\"https:\/\/faciprint.fr\/index.php\/imprimantes-nampb\/\" \/>\n<meta property=\"og:locale\" content=\"fr_FR\" \/>\n<meta property=\"og:type\" content=\"article\" \/>\n<meta property=\"og:title\" content=\"Imprimantes N&amp;B - FaciPrint\" \/>\n<meta property=\"og:description\" content=\"IMPRIMANTES N&amp;B Les imprimantes monochrome laser Lexmark offrent une impression rapide et fiable avec une qualit\u00e9 exceptionnelle. Id\u00e9ales pour les environnements de travail exigeants, elles assurent des documents professionnels et une gestion efficace des co\u00fbts. M1342 Lexmark Jusqu&#039;\u00e0 40 pages\/minute \u00c9cran \u00e0 2 lignes Voir plus M3350 Lexmark Jusqu&#039;\u00e0 47 pages\/minute \u00c9cran tactile 10,9 cm [&hellip;]\" \/>\n<meta property=\"og:url\" content=\"https:\/\/faciprint.fr\/index.php\/imprimantes-nampb\/\" \/>\n<meta property=\"og:site_name\" content=\"FaciPrint\" \/>\n<meta property=\"article:modified_time\" content=\"2024-05-31T14:59:01+00:00\" \/>\n<meta property=\"og:image\" content=\"https:\/\/faciprint.fr\/wp-content\/uploads\/2024\/05\/M1342.png\" \/>\n<meta name=\"twitter:card\" content=\"summary_large_image\" \/>\n<meta name=\"twitter:label1\" content=\"Dur\u00e9e de lecture estim\u00e9e\" \/>\n\t<meta name=\"twitter:data1\" content=\"2 minutes\" \/>\n<script type=\"application\/ld+json\" class=\"yoast-schema-graph\">{\"@context\":\"https:\/\/schema.org\",\"@graph\":[{\"@type\":\"WebPage\",\"@id\":\"https:\/\/faciprint.fr\/index.php\/imprimantes-nampb\/\",\"url\":\"https:\/\/faciprint.fr\/index.php\/imprimantes-nampb\/\",\"name\":\"Imprimantes N&amp;B - FaciPrint\",\"isPartOf\":{\"@id\":\"https:\/\/faciprint.fr\/#website\"},\"primaryImageOfPage\":{\"@id\":\"https:\/\/faciprint.fr\/index.php\/imprimantes-nampb\/#primaryimage\"},\"image\":{\"@id\":\"https:\/\/faciprint.fr\/index.php\/imprimantes-nampb\/#primaryimage\"},\"thumbnailUrl\":\"https:\/\/faciprint.fr\/wp-content\/uploads\/2024\/05\/M1342.png\",\"datePublished\":\"2024-05-31T13:56:54+00:00\",\"dateModified\":\"2024-05-31T14:59:01+00:00\",\"breadcrumb\":{\"@id\":\"https:\/\/faciprint.fr\/index.php\/imprimantes-nampb\/#breadcrumb\"},\"inLanguage\":\"fr-FR\",\"potentialAction\":[{\"@type\":\"ReadAction\",\"target\":[\"https:\/\/faciprint.fr\/index.php\/imprimantes-nampb\/\"]}]},{\"@type\":\"ImageObject\",\"inLanguage\":\"fr-FR\",\"@id\":\"https:\/\/faciprint.fr\/index.php\/imprimantes-nampb\/#primaryimage\",\"url\":\"https:\/\/faciprint.fr\/wp-content\/uploads\/2024\/05\/M1342.png\",\"contentUrl\":\"https:\/\/faciprint.fr\/wp-content\/uploads\/2024\/05\/M1342.png\",\"width\":189,\"height\":138},{\"@type\":\"BreadcrumbList\",\"@id\":\"https:\/\/faciprint.fr\/index.php\/imprimantes-nampb\/#breadcrumb\",\"itemListElement\":[{\"@type\":\"ListItem\",\"position\":1,\"name\":\"Accueil\",\"item\":\"https:\/\/faciprint.fr\/\"},{\"@type\":\"ListItem\",\"position\":2,\"name\":\"Imprimantes N&amp;B\"}]},{\"@type\":\"WebSite\",\"@id\":\"https:\/\/faciprint.fr\/#website\",\"url\":\"https:\/\/faciprint.fr\/\",\"name\":\"FaciPrint\",\"description\":\"Votre partenaire bureautique\",\"publisher\":{\"@id\":\"https:\/\/faciprint.fr\/#organization\"},\"potentialAction\":[{\"@type\":\"SearchAction\",\"target\":{\"@type\":\"EntryPoint\",\"urlTemplate\":\"https:\/\/faciprint.fr\/?s={search_term_string}\"},\"query-input\":{\"@type\":\"PropertyValueSpecification\",\"valueRequired\":true,\"valueName\":\"search_term_string\"}}],\"inLanguage\":\"fr-FR\"},{\"@type\":\"Organization\",\"@id\":\"https:\/\/faciprint.fr\/#organization\",\"name\":\"FaciPrint\",\"url\":\"https:\/\/faciprint.fr\/\",\"logo\":{\"@type\":\"ImageObject\",\"inLanguage\":\"fr-FR\",\"@id\":\"https:\/\/faciprint.fr\/#\/schema\/logo\/image\/\",\"url\":\"https:\/\/faciprint.fr\/wp-content\/uploads\/2024\/05\/1.png\",\"contentUrl\":\"https:\/\/faciprint.fr\/wp-content\/uploads\/2024\/05\/1.png\",\"width\":2000,\"height\":539,\"caption\":\"FaciPrint\"},\"image\":{\"@id\":\"https:\/\/faciprint.fr\/#\/schema\/logo\/image\/\"}}]}<\/script>\n<!-- \/ Yoast SEO plugin. -->","yoast_head_json":{"title":"Imprimantes N&amp;B - FaciPrint","robots":{"index":"index","follow":"follow","max-snippet":"max-snippet:-1","max-image-preview":"max-image-preview:large","max-video-preview":"max-video-preview:-1"},"canonical":"https:\/\/faciprint.fr\/index.php\/imprimantes-nampb\/","og_locale":"fr_FR","og_type":"article","og_title":"Imprimantes N&amp;B - FaciPrint","og_description":"IMPRIMANTES N&amp;B Les imprimantes monochrome laser Lexmark offrent une impression rapide et fiable avec une qualit\u00e9 exceptionnelle. Id\u00e9ales pour les environnements de travail exigeants, elles assurent des documents professionnels et une gestion efficace des co\u00fbts. M1342 Lexmark Jusqu&#039;\u00e0 40 pages\/minute \u00c9cran \u00e0 2 lignes Voir plus M3350 Lexmark Jusqu&#039;\u00e0 47 pages\/minute \u00c9cran tactile 10,9 cm [&hellip;]","og_url":"https:\/\/faciprint.fr\/index.php\/imprimantes-nampb\/","og_site_name":"FaciPrint","article_modified_time":"2024-05-31T14:59:01+00:00","og_image":[{"url":"https:\/\/faciprint.fr\/wp-content\/uploads\/2024\/05\/M1342.png","type":"","width":"","height":""}],"twitter_card":"summary_large_image","twitter_misc":{"Dur\u00e9e de lecture estim\u00e9e":"2 minutes"},"schema":{"@context":"https:\/\/schema.org","@graph":[{"@type":"WebPage","@id":"https:\/\/faciprint.fr\/index.php\/imprimantes-nampb\/","url":"https:\/\/faciprint.fr\/index.php\/imprimantes-nampb\/","name":"Imprimantes N&amp;B - FaciPrint","isPartOf":{"@id":"https:\/\/faciprint.fr\/#website"},"primaryImageOfPage":{"@id":"https:\/\/faciprint.fr\/index.php\/imprimantes-nampb\/#primaryimage"},"image":{"@id":"https:\/\/faciprint.fr\/index.php\/imprimantes-nampb\/#primaryimage"},"thumbnailUrl":"https:\/\/faciprint.fr\/wp-content\/uploads\/2024\/05\/M1342.png","datePublished":"2024-05-31T13:56:54+00:00","dateModified":"2024-05-31T14:59:01+00:00","breadcrumb":{"@id":"https:\/\/faciprint.fr\/index.php\/imprimantes-nampb\/#breadcrumb"},"inLanguage":"fr-FR","potentialAction":[{"@type":"ReadAction","target":["https:\/\/faciprint.fr\/index.php\/imprimantes-nampb\/"]}]},{"@type":"ImageObject","inLanguage":"fr-FR","@id":"https:\/\/faciprint.fr\/index.php\/imprimantes-nampb\/#primaryimage","url":"https:\/\/faciprint.fr\/wp-content\/uploads\/2024\/05\/M1342.png","contentUrl":"https:\/\/faciprint.fr\/wp-content\/uploads\/2024\/05\/M1342.png","width":189,"height":138},{"@type":"BreadcrumbList","@id":"https:\/\/faciprint.fr\/index.php\/imprimantes-nampb\/#breadcrumb","itemListElement":[{"@type":"ListItem","position":1,"name":"Accueil","item":"https:\/\/faciprint.fr\/"},{"@type":"ListItem","position":2,"name":"Imprimantes N&amp;B"}]},{"@type":"WebSite","@id":"https:\/\/faciprint.fr\/#website","url":"https:\/\/faciprint.fr\/","name":"FaciPrint","description":"Votre partenaire bureautique","publisher":{"@id":"https:\/\/faciprint.fr\/#organization"},"potentialAction":[{"@type":"SearchAction","target":{"@type":"EntryPoint","urlTemplate":"https:\/\/faciprint.fr\/?s={search_term_string}"},"query-input":{"@type":"PropertyValueSpecification","valueRequired":true,"valueName":"search_term_string"}}],"inLanguage":"fr-FR"},{"@type":"Organization","@id":"https:\/\/faciprint.fr\/#organization","name":"FaciPrint","url":"https:\/\/faciprint.fr\/","logo":{"@type":"ImageObject","inLanguage":"fr-FR","@id":"https:\/\/faciprint.fr\/#\/schema\/logo\/image\/","url":"https:\/\/faciprint.fr\/wp-content\/uploads\/2024\/05\/1.png","contentUrl":"https:\/\/faciprint.fr\/wp-content\/uploads\/2024\/05\/1.png","width":2000,"height":539,"caption":"FaciPrint"},"image":{"@id":"https:\/\/faciprint.fr\/#\/schema\/logo\/image\/"}}]}},"_links":{"self":[{"href":"https:\/\/faciprint.fr\/index.php\/wp-json\/wp\/v2\/pages\/65","targetHints":{"allow":["GET"]}}],"collection":[{"href":"https:\/\/faciprint.fr\/index.php\/wp-json\/wp\/v2\/pages"}],"about":[{"href":"https:\/\/faciprint.fr\/index.php\/wp-json\/wp\/v2\/types\/page"}],"author":[{"embeddable":true,"href":"https:\/\/faciprint.fr\/index.php\/wp-json\/wp\/v2\/users\/1"}],"replies":[{"embeddable":true,"href":"https:\/\/faciprint.fr\/index.php\/wp-json\/wp\/v2\/comments?post=65"}],"version-history":[{"count":19,"href":"https:\/\/faciprint.fr\/index.php\/wp-json\/wp\/v2\/pages\/65\/revisions"}],"predecessor-version":[{"id":165,"href":"https:\/\/faciprint.fr\/index.php\/wp-json\/wp\/v2\/pages\/65\/revisions\/165"}],"wp:attachment":[{"href":"https:\/\/faciprint.fr\/index.php\/wp-json\/wp\/v2\/media?parent=65"}],"curies":[{"name":"wp","href":"https:\/\/api.w.org\/{rel}","templated":true}]}}